{"id":236,"date":"2024-02-21T10:07:40","date_gmt":"2024-02-21T10:07:40","guid":{"rendered":"https:\/\/lamarr-institute.org\/?page_id=236"},"modified":"2024-05-15T12:27:30","modified_gmt":"2024-05-15T12:27:30","slug":"karriere","status":"publish","type":"page","link":"https:\/\/lamarr-institute.org\/de\/lamarr\/karriere\/","title":{"rendered":"Karriere"},"content":{"rendered":"<style>.kb-row-layout-id236_3f4300-06 > .kt-row-column-wrap{align-content:start;}:where(.kb-row-layout-id236_3f4300-06 > .kt-row-column-wrap) > .wp-block-kadence-column{justify-content:start;}.kb-row-layout-id236_3f4300-06 > .kt-row-column-wrap{column-gap:var(--global-kb-gap-md, 2rem);row-gap:var(--global-kb-gap-md, 2rem);padding-top:var(--global-kb-spacing-sm, 1.5rem);padding-bottom:var(--global-kb-spacing-sm, 1.5rem);grid-template-columns:minmax(0, 2fr) minmax(0, 1fr);}.kb-row-layout-id236_3f4300-06 > .kt-row-layout-overlay{opacity:0.30;}@media all and (max-width: 1024px){.kb-row-layout-id236_3f4300-06 > .kt-row-column-wrap{grid-template-columns:minmax(0, 2fr) minmax(0, 1fr);}}@media all and (max-width: 767px){.kb-row-layout-id236_3f4300-06 > .kt-row-column-wrap{grid-template-columns:minmax(0, 1fr);}}<\/style><div class=\"kb-row-layout-wrap kb-row-layout-id236_3f4300-06 alignnone wp-block-kadence-rowlayout\"><div class=\"kt-row-column-wrap kt-has-2-columns kt-row-layout-left-golden kt-tab-layout-inherit kt-mobile-layout-row kt-row-valign-top\">\n<style>.kadence-column236_533dad-2b > .kt-inside-inner-col,.kadence-column236_533dad-2b > .kt-inside-inner-col:before{border-top-left-radius:0px;border-top-right-radius:0px;border-bottom-right-radius:0px;border-bottom-left-radius:0px;}.kadence-column236_533dad-2b > .kt-inside-inner-col{column-gap:var(--global-kb-gap-sm, 1rem);}.kadence-column236_533dad-2b > .kt-inside-inner-col{flex-direction:column;}.kadence-column236_533dad-2b > .kt-inside-inner-col > .aligncenter{width:100%;}.kadence-column236_533dad-2b > .kt-inside-inner-col:before{opacity:0.3;}.kadence-column236_533dad-2b{position:relative;}@media all and (max-width: 1024px){.kadence-column236_533dad-2b > .kt-inside-inner-col{flex-direction:column;justify-content:center;}}@media all and (max-width: 767px){.kadence-column236_533dad-2b > .kt-inside-inner-col{flex-direction:column;justify-content:center;}}<\/style>\n<div class=\"wp-block-kadence-column kadence-column236_533dad-2b\"><div class=\"kt-inside-inner-col\">\n<h1 class=\"wp-block-heading\">Gestalten Sie mit uns die Zukunft der europ\u00e4ischen KI!<\/h1>\n\n\n\n<p>Wir suchen Talente auf allen Ebenen \u2013 von Studierenden, Doktorandinnen und Doktoranden, \u00fcber Postdocs bis zu Professorinnen und Professoren. Werden Sie Teil unseres Teams und arbeiten Sie an der Spitze der internationalen Forschung zu Maschinellem Lernen und K\u00fcnstlicher Intelligenz!<\/p>\n\n\n\n<p>Entwickeln Sie mit unserem Team aus internationalen Wissenschaftlerinnen und Wissenschaftlern leistungsstarke, vertrauensw\u00fcrdige und nachhaltige KI-L\u00f6sungen. Bei uns finden Sie sowohl exzellente Grundlagenforschung als auch interdisziplin\u00e4re und anwendungsnahe Forschungsthemen, die sich dringenden gesellschaftlichen und wirtschaftlichen Fragen unserer Zeit widmen \u2013 sei es in der Medizin, im Umwelt- und Klimaschutz oder in der industriellen Produktion.<\/p>\n\n\n\n<p>Vielfalt und Chancengleichheit sind wichtige Leitprinzipien bei allen Aktivit\u00e4ten des Lamarr-Instituts. Wir sind uns unserer gesellschaftlichen Verantwortung bewusst: An vielen Forschungsfragen arbeiten interdisziplin\u00e4re Teams mit Wissenschaftlerinnen und Wissenschaftlern aus der Informatik, Physik, Mathematik, Philosophie sowie den Rechts- und Gesellschaftswissenschaften.<\/p>\n<\/div><\/div>\n\n\n<style>.kadence-column236_f04f9d-c8 > .kt-inside-inner-col,.kadence-column236_f04f9d-c8 > .kt-inside-inner-col:before{border-top-left-radius:0px;border-top-right-radius:0px;border-bottom-right-radius:0px;border-bottom-left-radius:0px;}.kadence-column236_f04f9d-c8 > .kt-inside-inner-col{column-gap:var(--global-kb-gap-sm, 1rem);}.kadence-column236_f04f9d-c8 > .kt-inside-inner-col{flex-direction:column;}.kadence-column236_f04f9d-c8 > .kt-inside-inner-col > .aligncenter{width:100%;}.kadence-column236_f04f9d-c8 > .kt-inside-inner-col:before{opacity:0.3;}.kadence-column236_f04f9d-c8{position:relative;}@media all and (max-width: 1024px){.kadence-column236_f04f9d-c8 > .kt-inside-inner-col{flex-direction:column;justify-content:center;}}@media all and (max-width: 767px){.kadence-column236_f04f9d-c8 > .kt-inside-inner-col{flex-direction:column;justify-content:center;}}<\/style>\n<div class=\"wp-block-kadence-column kadence-column236_f04f9d-c8\"><div class=\"kt-inside-inner-col\">\n<figure class=\"wp-block-image size-full\"><img loading=\"lazy\" decoding=\"async\" width=\"900\" height=\"755\" src=\"https:\/\/lamarr-institute.org\/wp-content\/uploads\/image-1.png\" alt=\"- Lamarr Institute for Machine Learning (ML) and Artificial Intelligence (AI)\" class=\"wp-image-11175\" style=\"aspect-ratio:1;object-fit:cover\" title=\"\" srcset=\"https:\/\/lamarr-institute.org\/wp-content\/uploads\/image-1.png 900w, https:\/\/lamarr-institute.org\/wp-content\/uploads\/image-1-300x252.png 300w, https:\/\/lamarr-institute.org\/wp-content\/uploads\/image-1-768x644.png 768w\" sizes=\"auto, (max-width: 900px) 100vw, 900px\" \/><figcaption class=\"wp-element-caption\">\u00a9 Barbara Frommann \u2013 Uni Bonn<\/figcaption><\/figure>\n<\/div><\/div>\n\n<\/div><\/div>\n\n<style>.kb-row-layout-id236_34a0b1-0b > .kt-row-column-wrap{align-content:start;}:where(.kb-row-layout-id236_34a0b1-0b > .kt-row-column-wrap) > .wp-block-kadence-column{justify-content:start;}.kb-row-layout-id236_34a0b1-0b > .kt-row-column-wrap{column-gap:var(--global-kb-gap-md, 2rem);row-gap:var(--global-kb-gap-md, 2rem);padding-top:var(--global-kb-spacing-sm, 1.5rem);padding-bottom:var(--global-kb-spacing-lg, 3rem);grid-template-columns:minmax(0, calc(85% - ((var(--global-kb-gap-md, 2rem) * 1 )\/2)))minmax(0, calc(15% - ((var(--global-kb-gap-md, 2rem) * 1 )\/2)));}.kb-row-layout-id236_34a0b1-0b > .kt-row-layout-overlay{opacity:0.30;}@media all and (max-width: 1024px){.kb-row-layout-id236_34a0b1-0b > .kt-row-column-wrap{grid-template-columns:minmax(0, 2fr) minmax(0, 1fr);}}@media all and (max-width: 767px){.kb-row-layout-id236_34a0b1-0b > .kt-row-column-wrap{grid-template-columns:minmax(0, 1fr);}}<\/style><div class=\"kb-row-layout-wrap kb-row-layout-id236_34a0b1-0b alignnone wp-block-kadence-rowlayout\"><div class=\"kt-row-column-wrap kt-has-2-columns kt-row-layout-left-golden kt-tab-layout-inherit kt-mobile-layout-row kt-row-valign-top\">\n<style>.kadence-column236_3fdd44-93 > .kt-inside-inner-col,.kadence-column236_3fdd44-93 > .kt-inside-inner-col:before{border-top-left-radius:0px;border-top-right-radius:0px;border-bottom-right-radius:0px;border-bottom-left-radius:0px;}.kadence-column236_3fdd44-93 > .kt-inside-inner-col{column-gap:var(--global-kb-gap-sm, 1rem);}.kadence-column236_3fdd44-93 > .kt-inside-inner-col{flex-direction:column;}.kadence-column236_3fdd44-93 > .kt-inside-inner-col > .aligncenter{width:100%;}.kadence-column236_3fdd44-93 > .kt-inside-inner-col:before{opacity:0.3;}.kadence-column236_3fdd44-93{position:relative;}@media all and (max-width: 1024px){.kadence-column236_3fdd44-93 > .kt-inside-inner-col{flex-direction:column;justify-content:center;}}@media all and (max-width: 767px){.kadence-column236_3fdd44-93 > .kt-inside-inner-col{flex-direction:column;justify-content:center;}}<\/style>\n<div class=\"wp-block-kadence-column kadence-column236_3fdd44-93\"><div class=\"kt-inside-inner-col\">\n<h2 class=\"wp-block-heading\">Aktuelle Stellenausschreibungen<\/h2>\n\n\n<div class=\"overview-jobs\">\n<div id=\"ajax-load-more\" class=\"ajax-load-more-wrap blue\"  data-alm-id=\"\" data-canonical-url=\"https:\/\/lamarr-institute.org\/de\/lamarr\/karriere\/\" data-slug=\"karriere\" data-post-id=\"236\"  data-localized=\"ajax_load_more_vars\" data-alm-object=\"ajax_load_more\"><div aria-live=\"polite\" aria-atomic=\"true\" class=\"alm-listing alm-ajax jobs-grid\" data-preloaded=\"true\" data-preloaded-amount=\"10\" data-container-type=\"div\" data-loading-style=\"blue\" data-theme-repeater=\"alm-job-overview.php\" data-post-type=\"job\" data-order=\"DESC\" data-orderby=\"date\" data-offset=\"0\" data-posts-per-page=\"10\" data-lang=\"de\" data-pause=\"true\" data-button-label=\"Mehr laden\" data-button-done-label=\"Keine weiteren Jobs\" data-prev-button-label=\"Load Previous\"><div class=\"job-item\">\n<a href=\"https:\/\/lamarr-institute.org\/wp-content\/uploads\/Stellenausschreibung_Agentensysteme_EN_2026_02_06.pdf\" target=\"_blank\">\n\t<h3>RESEARCHER IN FOUNDATION MODELS WITH A FOCUS ON AGENT SYSTEMS\/MULTI-AGENT SYSTEMS<\/h3>\n\t<p>Projektorganisation: Universit\u00e4t Bonn<\/p>\n<\/a>\n<\/div><div class=\"job-item\">\n<a href=\"https:\/\/lamarr-institute.org\/wp-content\/uploads\/Stellenausschreibung_Latent_Reasoning_2026_02_06.pdf\" target=\"_blank\">\n\t<h3>RESEARCHER IN MULTIMODAL LATENT REASONING ARCHITECTURES<\/h3>\n\t<p>Projektorganisation: Universit\u00e4t Bonn<\/p>\n<\/a>\n<\/div><div class=\"job-item\">\n<a href=\"https:\/\/lamarr-institute.org\/wp-content\/uploads\/Stellenausschreibung_Multimodal_FMs_World_Models_2026_02_06.pdf\" target=\"_blank\">\n\t<h3>RESEARCHER IN MULTIMODAL FOUNDATION MODELS AND WORLD MODELS<\/h3>\n\t<p>Projektorganisation: Universit\u00e4t Bonn<\/p>\n<\/a>\n<\/div><div class=\"job-item\">\n<a href=\"https:\/\/lamarr-institute.org\/wp-content\/uploads\/Job_Position-ERC_Flek_LLMpathy.pdf\" target=\"_blank\">\n\t<h3>Senior Postdoktorand*in im Bereich Computational Psychology \/ Human-Centered AI (m\/w\/d)<\/h3>\n\t<p>Projektorganisation: Universit\u00e4t Bonn<\/p>\n<\/a>\n<\/div><div class=\"job-item\">\n<a href=\"https:\/\/lamarr-institute.org\/wp-content\/uploads\/Postitions_PhDs_and_Postdocs_AI_in_Physics_Flek.pdf\" target=\"_blank\">\n\t<h3>Wissenschaftliche*r Mitarbeiter*in (Doktorand oder Postdoktorand) im Bereich KI f\u00fcr Physik (m\/w\/d)<\/h3>\n\t<p>Projektorganisation: Universit\u00e4t Bonn<\/p>\n<\/a>\n<\/div><div class=\"job-item\">\n<a href=\"https:\/\/lamarr-institute.org\/wp-content\/uploads\/Job_Posting_Scientific_Coordinator_Trustworthy_AI.pdf\" target=\"_blank\">\n\t<h3>Scientific Coordinator f\u00fcr den Bereich Trustworthy AI am Lamarr-Institut (m\/w\/d)<\/h3>\n\t<p>Projektorganisation: TU Dortmund<\/p>\n<\/a>\n<\/div><div class=\"job-item\">\n<a href=\"https:\/\/www.limes-institut-bonn.de\/forschung\/arbeitsgruppen\/unit-4\/abteilung-bajorath\/stellenangebote\/\" target=\"_blank\" rel=\"noopener\">\n\t<h3>PhD-Stelle in Biowissenschaftsinformatik<\/h3>\n\t<p>Projektorganisation: Universit\u00e4t Bonn<\/p>\n<\/a>\n<\/div><\/div><div class=\"alm-btn-wrap\" data-rel=\"ajax-load-more\"><button class=\"alm-load-more-btn \" type=\"button\">Mehr laden<\/button><\/div><\/div><\/div><\/div><\/div>\n\n\n<style>.kadence-column236_2e2ac1-1c > .kt-inside-inner-col,.kadence-column236_2e2ac1-1c > .kt-inside-inner-col:before{border-top-left-radius:0px;border-top-right-radius:0px;border-bottom-right-radius:0px;border-bottom-left-radius:0px;}.kadence-column236_2e2ac1-1c > .kt-inside-inner-col{column-gap:var(--global-kb-gap-sm, 1rem);}.kadence-column236_2e2ac1-1c > .kt-inside-inner-col{flex-direction:column;}.kadence-column236_2e2ac1-1c > .kt-inside-inner-col > .aligncenter{width:100%;}.kadence-column236_2e2ac1-1c > .kt-inside-inner-col:before{opacity:0.3;}.kadence-column236_2e2ac1-1c{position:relative;}@media all and (max-width: 1024px){.kadence-column236_2e2ac1-1c > .kt-inside-inner-col{flex-direction:column;justify-content:center;}}@media all and (max-width: 767px){.kadence-column236_2e2ac1-1c > .kt-inside-inner-col{flex-direction:column;justify-content:center;}}<\/style>\n<div class=\"wp-block-kadence-column kadence-column236_2e2ac1-1c\"><div class=\"kt-inside-inner-col\"><\/div><\/div>\n\n<\/div><\/div>\n\n\n<p>F\u00fcr Sie ist derzeit keine passende Ausschreibung dabei? Mitarbeiten k\u00f6nnen Sie bei jeder der vier Partnerorganisationen des Lamarr-Instituts. Sehen Sie sich gern auch auf den Jobportalen unserer Partner um:<\/p>\n\n\n\n<ul class=\"wp-block-list\">\n<li><strong><a href=\"https:\/\/www.tu-dortmund.de\/karriere\/?tabindex=1&amp;cHash=06a07f37c0bc61abe7f9ed233e04d5eb\" data-type=\"link\" data-id=\"https:\/\/www.tu-dortmund.de\/en\/career\/?tabindex=1&amp;cHash=06a07f37c0bc61abe7f9ed233e04d5eb\" target=\"_blank\" rel=\"noreferrer noopener\">TU Dortmund<\/a><\/strong><\/li>\n\n\n\n<li><strong><a href=\"https:\/\/www.iais.fraunhofer.de\/de\/karriere.html\" data-type=\"link\" data-id=\"https:\/\/www.iais.fraunhofer.de\/en\/career.html\" target=\"_blank\" rel=\"noreferrer noopener\">Fraunhofer IAIS in Sankt Augustin<\/a><\/strong><\/li>\n\n\n\n<li><strong><a href=\"https:\/\/www.uni-bonn.de\/de\/universitaet\/arbeiten-an-der-uni\/arbeiten-an-der-uni?set_language=de\" target=\"_blank\" rel=\"noreferrer noopener\">Universit\u00e4t Bonn<\/a><\/strong><\/li>\n\n\n\n<li><strong><a href=\"https:\/\/www.iml.fraunhofer.de\/de\/jobs_und_karriere.html\" target=\"_blank\" rel=\"noreferrer noopener\">Fraunhofer IML in Dortmund<\/a><\/strong><\/li>\n<\/ul>\n\n\n<style>.kb-row-layout-id236_fd4b9b-78 > .kt-row-column-wrap{align-content:start;}:where(.kb-row-layout-id236_fd4b9b-78 > .kt-row-column-wrap) > .wp-block-kadence-column{justify-content:start;}.kb-row-layout-id236_fd4b9b-78 > .kt-row-column-wrap{column-gap:var(--global-kb-gap-md, 2rem);row-gap:var(--global-kb-gap-md, 2rem);padding-top:var(--global-kb-spacing-sm, 1.5rem);padding-bottom:var(--global-kb-spacing-sm, 1.5rem);grid-template-columns:minmax(0, 2fr) minmax(0, 1fr);}.kb-row-layout-id236_fd4b9b-78 > .kt-row-layout-overlay{opacity:0.30;}@media all and (max-width: 1024px){.kb-row-layout-id236_fd4b9b-78 > .kt-row-column-wrap{grid-template-columns:minmax(0, 2fr) minmax(0, 1fr);}}@media all and (max-width: 767px){.kb-row-layout-id236_fd4b9b-78 > .kt-row-column-wrap{grid-template-columns:minmax(0, 1fr);}}<\/style><div class=\"kb-row-layout-wrap kb-row-layout-id236_fd4b9b-78 alignnone wp-block-kadence-rowlayout\"><div class=\"kt-row-column-wrap kt-has-2-columns kt-row-layout-left-golden kt-tab-layout-inherit kt-mobile-layout-row kt-row-valign-top\">\n<style>.kadence-column236_06b105-01 > .kt-inside-inner-col,.kadence-column236_06b105-01 > .kt-inside-inner-col:before{border-top-left-radius:0px;border-top-right-radius:0px;border-bottom-right-radius:0px;border-bottom-left-radius:0px;}.kadence-column236_06b105-01 > .kt-inside-inner-col{column-gap:var(--global-kb-gap-sm, 1rem);}.kadence-column236_06b105-01 > .kt-inside-inner-col{flex-direction:column;}.kadence-column236_06b105-01 > .kt-inside-inner-col > .aligncenter{width:100%;}.kadence-column236_06b105-01 > .kt-inside-inner-col:before{opacity:0.3;}.kadence-column236_06b105-01{position:relative;}@media all and (max-width: 1024px){.kadence-column236_06b105-01 > .kt-inside-inner-col{flex-direction:column;justify-content:center;}}@media all and (max-width: 767px){.kadence-column236_06b105-01 > .kt-inside-inner-col{flex-direction:column;justify-content:center;}}<\/style>\n<div class=\"wp-block-kadence-column kadence-column236_06b105-01\"><div class=\"kt-inside-inner-col\">\n<h2 class=\"wp-block-heading\">Nachwuchsf\u00f6rderung \u2013 f\u00fcr eine Karriere in Wissenschaft oder Wirtschaft<\/h2>\n\n\n\n<p>Unabh\u00e4ngig davon, ob Sie eine Karriere in der Wissenschaft oder in der Wirtschaft anstreben, schaffen wir die besten Voraussetzungen f\u00fcr Ihre Weiterentwicklung \u2013 pers\u00f6nlich, beruflich und im Team. Neben der Vermittlung von Fachwissen bieten wir Weiterbildungsma\u00dfnahmen an, damit Sie Ihr Potenzial voll aussch\u00f6pfen k\u00f6nnen. Das Angebot umfasst sowohl Bildungsinhalte zum wissenschaftlichen Arbeiten und Publizieren als auch zu Projektmanagement, Arbeitsorganisation und Kommunikation.<\/p>\n\n\n\n<p>Am Lamarr-Institut k\u00f6nnen Sie Ihre fachliche Kompetenz ausbauen und sich mit internationalen Spitzenforscherinnen und -forschern vernetzen. Wir unterst\u00fctzen Sie dabei, Ihre Arbeit und Ihr Fachwissen auf \u00f6ffentlichen Veranstaltungen und wissenschaftlichen Konferenzen vorzustellen oder Arbeitsgruppen und Hackathon-Teams zu gr\u00fcnden, die auf Ihre Interessen zugeschnitten sind. So schaffen wir ein Umfeld, das Ihnen einen schnellen Aufstieg erm\u00f6glicht und Sie ermutigt, fr\u00fchzeitig Verantwortung zu \u00fcbernehmen.<\/p>\n\n\n\n<h2 class=\"wp-block-heading\">Vielfalt, Chancengleichheit und Flexibilit\u00e4t<\/h2>\n\n\n\n<p>Am Lamarr-Institut f\u00f6rdern wir ein offenes und unvoreingenommenes Miteinander und setzen uns f\u00fcr Vielfalt und Chancengleichheit ein. Wenn Teammitglieder unterschiedliche Perspektiven, Erfahrungen und F\u00e4higkeiten mitbringen, profitiert auch die Qualit\u00e4t der wissenschaftlichen Arbeit. Die Benennung des Instituts nach der Erfinderin Hedy Lamarr unterstreicht unser Engagement f\u00fcr die F\u00f6rderung von Frauen, insbesondere in der Informatik und anderen wissenschaftlichen und technischen Bereichen.<\/p>\n\n\n\n<p>Die Vereinbarkeit von Beruf, Familie und Privatleben wird bei uns aktiv gef\u00f6rdert. Die Partnerinstitutionen des Lamarr-Instituts bieten unterschiedliche Optionen f\u00fcr Kinderbetreuung und Unterst\u00fctzungsangebote f\u00fcr Familien, M\u00f6glichkeiten des mobilen Arbeitens, flexible Arbeitszeiten sowie Sport- und Gesundheitsangebote.<\/p>\n<\/div><\/div>\n\n\n<style>.kadence-column236_0fe2cf-6e > .kt-inside-inner-col,.kadence-column236_0fe2cf-6e > .kt-inside-inner-col:before{border-top-left-radius:0px;border-top-right-radius:0px;border-bottom-right-radius:0px;border-bottom-left-radius:0px;}.kadence-column236_0fe2cf-6e > .kt-inside-inner-col{column-gap:var(--global-kb-gap-sm, 1rem);}.kadence-column236_0fe2cf-6e > .kt-inside-inner-col{flex-direction:column;}.kadence-column236_0fe2cf-6e > .kt-inside-inner-col > .aligncenter{width:100%;}.kadence-column236_0fe2cf-6e > .kt-inside-inner-col:before{opacity:0.3;}.kadence-column236_0fe2cf-6e{position:relative;}@media all and (max-width: 1024px){.kadence-column236_0fe2cf-6e > .kt-inside-inner-col{flex-direction:column;justify-content:center;}}@media all and (max-width: 767px){.kadence-column236_0fe2cf-6e > .kt-inside-inner-col{flex-direction:column;justify-content:center;}}<\/style>\n<div class=\"wp-block-kadence-column kadence-column236_0fe2cf-6e\"><div class=\"kt-inside-inner-col\">\n<figure class=\"wp-block-image size-full\"><img loading=\"lazy\" decoding=\"async\" width=\"749\" height=\"900\" src=\"https:\/\/lamarr-institute.org\/wp-content\/uploads\/image-2.png\" alt=\"- Lamarr Institute for Machine Learning (ML) and Artificial Intelligence (AI)\" class=\"wp-image-11184\" title=\"\" srcset=\"https:\/\/lamarr-institute.org\/wp-content\/uploads\/image-2.png 749w, https:\/\/lamarr-institute.org\/wp-content\/uploads\/image-2-250x300.png 250w\" sizes=\"auto, (max-width: 749px) 100vw, 749px\" \/><figcaption class=\"wp-element-caption\">\u00a9 Barbara Frommann \u2013 Uni Bonn<\/figcaption><\/figure>\n<\/div><\/div>\n\n<\/div><\/div>","protected":false},"excerpt":{"rendered":"<p>Gestalten Sie mit uns die Zukunft der europ\u00e4ischen KI! Wir suchen Talente auf allen Ebenen \u2013 von Studierenden, Doktorandinnen und Doktoranden, \u00fcber Postdocs bis zu Professorinnen und Professoren. Werden Sie Teil unseres Teams und arbeiten Sie an der Spitze der internationalen Forschung zu Maschinellem Lernen und K\u00fcnstlicher Intelligenz! Entwickeln Sie mit unserem Team aus internationalen Wissenschaftlerinnen und Wissenschaftlern leistungsstarke, vertrauensw\u00fcrdige und nachhaltige KI-L\u00f6sungen. Bei uns finden Sie sowohl exzellente Grundlagenforschung [&hellip;]<\/p>\n","protected":false},"author":9,"featured_media":0,"parent":234,"menu_order":0,"comment_status":"closed","ping_status":"closed","template":"","meta":{"_acf_changed":false,"footnotes":""},"class_list":["post-236","page","type-page","status-publish","hentry"],"acf":[],"publishpress_future_workflow_manual_trigger":{"enabledWorkflows":[]},"_links":{"self":[{"href":"https:\/\/lamarr-institute.org\/de\/wp-json\/wp\/v2\/pages\/236","targetHints":{"allow":["GET"]}}],"collection":[{"href":"https:\/\/lamarr-institute.org\/de\/wp-json\/wp\/v2\/pages"}],"about":[{"href":"https:\/\/lamarr-institute.org\/de\/wp-json\/wp\/v2\/types\/page"}],"author":[{"embeddable":true,"href":"https:\/\/lamarr-institute.org\/de\/wp-json\/wp\/v2\/users\/9"}],"replies":[{"embeddable":true,"href":"https:\/\/lamarr-institute.org\/de\/wp-json\/wp\/v2\/comments?post=236"}],"version-history":[{"count":0,"href":"https:\/\/lamarr-institute.org\/de\/wp-json\/wp\/v2\/pages\/236\/revisions"}],"up":[{"embeddable":true,"href":"https:\/\/lamarr-institute.org\/de\/wp-json\/wp\/v2\/pages\/234"}],"wp:attachment":[{"href":"https:\/\/lamarr-institute.org\/de\/wp-json\/wp\/v2\/media?parent=236"}],"curies":[{"name":"wp","href":"https:\/\/api.w.org\/{rel}","templated":true}]}}