{"id":234,"date":"2024-02-21T10:05:31","date_gmt":"2024-02-21T10:05:31","guid":{"rendered":"https:\/\/lamarr-institute.org\/?page_id=234"},"modified":"2025-07-08T16:26:45","modified_gmt":"2025-07-08T16:26:45","slug":"lamarr","status":"publish","type":"page","link":"https:\/\/lamarr-institute.org\/de\/lamarr\/","title":{"rendered":"Lamarr\u00a0"},"content":{"rendered":"<style>.kb-row-layout-id234_ece9ee-00 > .kt-row-column-wrap{align-content:start;}:where(.kb-row-layout-id234_ece9ee-00 > .kt-row-column-wrap) > .wp-block-kadence-column{justify-content:start;}.kb-row-layout-id234_ece9ee-00 > .kt-row-column-wrap{column-gap:var(--global-kb-gap-md, 2rem);row-gap:var(--global-kb-gap-md, 2rem);padding-top:var(--global-kb-spacing-sm, 1.5rem);padding-bottom:var(--global-kb-spacing-sm, 1.5rem);grid-template-columns:minmax(0, 2fr) minmax(0, 1fr);}.kb-row-layout-id234_ece9ee-00 > .kt-row-layout-overlay{opacity:0.30;}@media all and (max-width: 1024px){.kb-row-layout-id234_ece9ee-00 > .kt-row-column-wrap{grid-template-columns:minmax(0, 2fr) minmax(0, 1fr);}}@media all and (max-width: 767px){.kb-row-layout-id234_ece9ee-00 > .kt-row-column-wrap{grid-template-columns:minmax(0, 1fr);}}<\/style><div class=\"kb-row-layout-wrap kb-row-layout-id234_ece9ee-00 alignnone wp-block-kadence-rowlayout\"><div class=\"kt-row-column-wrap kt-has-2-columns kt-row-layout-left-golden kt-tab-layout-inherit kt-mobile-layout-row kt-row-valign-top\">\n<style>.kadence-column234_1804ab-e5 > .kt-inside-inner-col,.kadence-column234_1804ab-e5 > .kt-inside-inner-col:before{border-top-left-radius:0px;border-top-right-radius:0px;border-bottom-right-radius:0px;border-bottom-left-radius:0px;}.kadence-column234_1804ab-e5 > .kt-inside-inner-col{column-gap:var(--global-kb-gap-sm, 1rem);}.kadence-column234_1804ab-e5 > .kt-inside-inner-col{flex-direction:column;}.kadence-column234_1804ab-e5 > .kt-inside-inner-col > .aligncenter{width:100%;}.kadence-column234_1804ab-e5 > .kt-inside-inner-col:before{opacity:0.3;}.kadence-column234_1804ab-e5{position:relative;}@media all and (max-width: 1024px){.kadence-column234_1804ab-e5 > .kt-inside-inner-col{flex-direction:column;justify-content:center;}}@media all and (max-width: 767px){.kadence-column234_1804ab-e5 > .kt-inside-inner-col{flex-direction:column;justify-content:center;}}<\/style>\n<div class=\"wp-block-kadence-column kadence-column234_1804ab-e5\"><div class=\"kt-inside-inner-col\">\n<h1 class=\"wp-block-heading\">Das Lamarr-Institut f\u00fcr Maschinelles Lernen und K\u00fcnstliche Intelligenz<\/h1>\n\n\n\n<p><strong>Das Lamarr-Institut konzentriert sich auf die Erforschung und Entwicklung leistungsstarker, vertrauensw\u00fcrdiger und ressourceneffizienter Anwendungen des Maschinellen Lernens (ML) und der K\u00fcnstlichen Intelligenz (KI). Unser Ziel ist es, international wettbewerbsf\u00e4hige Forschung zu etablieren, die Deutschland und Europa als f\u00fchrenden Standort f\u00fcr Forschung, Lehre und Technologietransfer in der KI nachhaltig st\u00e4rkt.<\/strong><\/p>\n\n\n\n<p>Nach erfolgreicher Evaluierung durch ein internationales Fachgremium ist das Lamarr-Institut aus dem Kompetenzzentrum Maschinelles Lernen Rhein-Ruhr (ML2R) hervorgegangen, das zuvor als zeitlich befristetes Projekt gef\u00f6rdert wurde. Das Lamarr-Institut ist nun mit einer dauerhaften institutionellen F\u00f6rderung durch das Bundesministerium f\u00fcr Forschung, Technologie und Raumfahrt (BMFTR) und das Land Nordrhein-Westfalen ausgestattet.<\/p>\n<\/div><\/div>\n\n\n<style>.kadence-column234_2b6483-83 > .kt-inside-inner-col,.kadence-column234_2b6483-83 > .kt-inside-inner-col:before{border-top-left-radius:0px;border-top-right-radius:0px;border-bottom-right-radius:0px;border-bottom-left-radius:0px;}.kadence-column234_2b6483-83 > .kt-inside-inner-col{column-gap:var(--global-kb-gap-sm, 1rem);}.kadence-column234_2b6483-83 > .kt-inside-inner-col{flex-direction:column;}.kadence-column234_2b6483-83 > .kt-inside-inner-col > .aligncenter{width:100%;}.kadence-column234_2b6483-83 > .kt-inside-inner-col:before{opacity:0.3;}.kadence-column234_2b6483-83{position:relative;}@media all and (max-width: 1024px){.kadence-column234_2b6483-83 > .kt-inside-inner-col{flex-direction:column;justify-content:center;}}@media all and (max-width: 767px){.kadence-column234_2b6483-83 > .kt-inside-inner-col{flex-direction:column;justify-content:center;}}<\/style>\n<div class=\"wp-block-kadence-column kadence-column234_2b6483-83\"><div class=\"kt-inside-inner-col\"><\/div><\/div>\n\n<\/div><\/div>\n\n<style>.kb-row-layout-id234_3b9b83-00 > .kt-row-column-wrap{align-content:start;}:where(.kb-row-layout-id234_3b9b83-00 > .kt-row-column-wrap) > .wp-block-kadence-column{justify-content:start;}.kb-row-layout-id234_3b9b83-00 > .kt-row-column-wrap{column-gap:var(--global-kb-gap-md, 2rem);row-gap:var(--global-kb-gap-md, 2rem);padding-top:var(--global-kb-spacing-sm, 1.5rem);padding-bottom:var(--global-kb-spacing-sm, 1.5rem);grid-template-columns:minmax(0, 1fr);}.kb-row-layout-id234_3b9b83-00 > .kt-row-layout-overlay{opacity:0.30;}@media all and (max-width: 1024px){.kb-row-layout-id234_3b9b83-00 > .kt-row-column-wrap{grid-template-columns:minmax(0, 1fr);}}@media all and (max-width: 767px){.kb-row-layout-id234_3b9b83-00 > .kt-row-column-wrap{grid-template-columns:minmax(0, 1fr);}}<\/style><div class=\"kb-row-layout-wrap kb-row-layout-id234_3b9b83-00 alignnone wp-block-kadence-rowlayout\"><div class=\"kt-row-column-wrap kt-has-1-columns kt-row-layout-equal kt-tab-layout-inherit kt-mobile-layout-row kt-row-valign-top\">\n<style>.kadence-column234_90e2cb-a3 > .kt-inside-inner-col,.kadence-column234_90e2cb-a3 > .kt-inside-inner-col:before{border-top-left-radius:0px;border-top-right-radius:0px;border-bottom-right-radius:0px;border-bottom-left-radius:0px;}.kadence-column234_90e2cb-a3 > .kt-inside-inner-col{column-gap:var(--global-kb-gap-sm, 1rem);}.kadence-column234_90e2cb-a3 > .kt-inside-inner-col{flex-direction:column;}.kadence-column234_90e2cb-a3 > .kt-inside-inner-col > .aligncenter{width:100%;}.kadence-column234_90e2cb-a3 > .kt-inside-inner-col:before{opacity:0.3;}.kadence-column234_90e2cb-a3{position:relative;}@media all and (max-width: 1024px){.kadence-column234_90e2cb-a3 > .kt-inside-inner-col{flex-direction:column;justify-content:center;}}@media all and (max-width: 767px){.kadence-column234_90e2cb-a3 > .kt-inside-inner-col{flex-direction:column;justify-content:center;}}<\/style>\n<div class=\"wp-block-kadence-column kadence-column234_90e2cb-a3\"><div class=\"kt-inside-inner-col\">\n<figure class=\"wp-block-video\"><video height=\"1080\" style=\"aspect-ratio: 1920 \/ 1080;\" width=\"1920\" controls loop poster=\"https:\/\/lamarr-institute.org\/wp-content\/uploads\/Lamarr_Teaservideo_Thumbnail1.png\" src=\"https:\/\/lamarr-institute.org\/wp-content\/uploads\/Lamarr_Teaservideo_Web-1.mp4\"><\/video><\/figure>\n<\/div><\/div>\n\n<\/div><\/div>\n\n<style>.kb-row-layout-id234_93af2b-82 > .kt-row-column-wrap{align-content:start;}:where(.kb-row-layout-id234_93af2b-82 > .kt-row-column-wrap) > .wp-block-kadence-column{justify-content:start;}.kb-row-layout-id234_93af2b-82 > .kt-row-column-wrap{column-gap:var(--global-kb-gap-md, 2rem);row-gap:var(--global-kb-gap-md, 2rem);padding-top:var(--global-kb-spacing-sm, 1.5rem);padding-bottom:var(--global-kb-spacing-sm, 1.5rem);grid-template-columns:minmax(0, 2fr) minmax(0, 1fr);}.kb-row-layout-id234_93af2b-82 > .kt-row-layout-overlay{opacity:0.30;}@media all and (max-width: 1024px){.kb-row-layout-id234_93af2b-82 > .kt-row-column-wrap{grid-template-columns:minmax(0, 2fr) minmax(0, 1fr);}}@media all and (max-width: 767px){.kb-row-layout-id234_93af2b-82 > .kt-row-column-wrap{grid-template-columns:minmax(0, 1fr);}}<\/style><div class=\"kb-row-layout-wrap kb-row-layout-id234_93af2b-82 alignnone wp-block-kadence-rowlayout\"><div class=\"kt-row-column-wrap kt-has-2-columns kt-row-layout-left-golden kt-tab-layout-inherit kt-mobile-layout-row kt-row-valign-top\">\n<style>.kadence-column234_c75ceb-e5 > .kt-inside-inner-col,.kadence-column234_c75ceb-e5 > .kt-inside-inner-col:before{border-top-left-radius:0px;border-top-right-radius:0px;border-bottom-right-radius:0px;border-bottom-left-radius:0px;}.kadence-column234_c75ceb-e5 > .kt-inside-inner-col{column-gap:var(--global-kb-gap-sm, 1rem);}.kadence-column234_c75ceb-e5 > .kt-inside-inner-col{flex-direction:column;}.kadence-column234_c75ceb-e5 > .kt-inside-inner-col > .aligncenter{width:100%;}.kadence-column234_c75ceb-e5 > .kt-inside-inner-col:before{opacity:0.3;}.kadence-column234_c75ceb-e5{position:relative;}@media all and (max-width: 1024px){.kadence-column234_c75ceb-e5 > .kt-inside-inner-col{flex-direction:column;justify-content:center;}}@media all and (max-width: 767px){.kadence-column234_c75ceb-e5 > .kt-inside-inner-col{flex-direction:column;justify-content:center;}}<\/style>\n<div class=\"wp-block-kadence-column kadence-column234_c75ceb-e5\"><div class=\"kt-inside-inner-col\">\n<h2 class=\"wp-block-heading\">Nutzen f\u00fcr Gesellschaft und Wirtschaft<\/h2>\n\n\n\n<p>Spitzenforschung zu Maschinellem Lernen und K\u00fcnstlicher Intelligenz entwickelt eine Strahlkraft, von der die Region und ganz Deutschland profitieren: Gut ausgebildete Fachkr\u00e4fte ziehen Unternehmen an, die den Technologietransfer vorantreiben und aus wissenschaftlichen Erkenntnissen neue Produkte und Dienstleistungen entwickeln. Das Lamarr-Institut setzt direkt an den dr\u00e4ngenden Fragen der Wirtschaft an, wie der digitalen Transformation der industriellen Produktion, dem Innovationsbedarf im Umwelt- und Klimaschutz oder der Medizin. Umgekehrt st\u00e4rkt die N\u00e4he zur Praxis auch die Wissenschaft, indem sie ihr erm\u00f6glicht, mit realen Daten zu arbeiten.<\/p>\n\n\n\n<div class=\"wp-block-buttons is-layout-flex wp-block-buttons-is-layout-flex\">\n<div class=\"wp-block-button\"><a class=\"wp-block-button__link wp-element-button\" href=\"https:\/\/lamarr-institute.org\/de\/ueber-lamarr\/team\/\">Lernen Sie unser Team kennen<\/a><\/div>\n<\/div>\n<\/div><\/div>\n\n\n<style>.kadence-column234_06fb74-c6 > .kt-inside-inner-col,.kadence-column234_06fb74-c6 > .kt-inside-inner-col:before{border-top-left-radius:0px;border-top-right-radius:0px;border-bottom-right-radius:0px;border-bottom-left-radius:0px;}.kadence-column234_06fb74-c6 > .kt-inside-inner-col{column-gap:var(--global-kb-gap-sm, 1rem);}.kadence-column234_06fb74-c6 > .kt-inside-inner-col{flex-direction:column;}.kadence-column234_06fb74-c6 > .kt-inside-inner-col > .aligncenter{width:100%;}.kadence-column234_06fb74-c6 > .kt-inside-inner-col:before{opacity:0.3;}.kadence-column234_06fb74-c6{position:relative;}@media all and (max-width: 1024px){.kadence-column234_06fb74-c6 > .kt-inside-inner-col{flex-direction:column;justify-content:center;}}@media all and (max-width: 767px){.kadence-column234_06fb74-c6 > .kt-inside-inner-col{flex-direction:column;justify-content:center;}}<\/style>\n<div class=\"wp-block-kadence-column kadence-column234_06fb74-c6\"><div class=\"kt-inside-inner-col\"><\/div><\/div>\n\n<\/div><\/div>\n\n<style>.kb-row-layout-id234_c96011-54 > .kt-row-column-wrap{align-content:start;}:where(.kb-row-layout-id234_c96011-54 > .kt-row-column-wrap) > .wp-block-kadence-column{justify-content:start;}.kb-row-layout-id234_c96011-54 > .kt-row-column-wrap{column-gap:var(--global-kb-gap-md, 2rem);row-gap:var(--global-kb-gap-md, 2rem);padding-top:var(--global-kb-spacing-sm, 1.5rem);padding-bottom:var(--global-kb-spacing-sm, 1.5rem);grid-template-columns:minmax(0, 2fr) minmax(0, 1fr);}.kb-row-layout-id234_c96011-54 > .kt-row-layout-overlay{opacity:0.30;}@media all and (max-width: 1024px){.kb-row-layout-id234_c96011-54 > .kt-row-column-wrap{grid-template-columns:minmax(0, 2fr) minmax(0, 1fr);}}@media all and (max-width: 767px){.kb-row-layout-id234_c96011-54 > .kt-row-column-wrap{grid-template-columns:minmax(0, 1fr);}}<\/style><div class=\"kb-row-layout-wrap kb-row-layout-id234_c96011-54 alignnone wp-block-kadence-rowlayout\"><div class=\"kt-row-column-wrap kt-has-2-columns kt-row-layout-left-golden kt-tab-layout-inherit kt-mobile-layout-row kt-row-valign-top\">\n<style>.kadence-column234_e26d91-5a > .kt-inside-inner-col,.kadence-column234_e26d91-5a > .kt-inside-inner-col:before{border-top-left-radius:0px;border-top-right-radius:0px;border-bottom-right-radius:0px;border-bottom-left-radius:0px;}.kadence-column234_e26d91-5a > .kt-inside-inner-col{column-gap:var(--global-kb-gap-sm, 1rem);}.kadence-column234_e26d91-5a > .kt-inside-inner-col{flex-direction:column;}.kadence-column234_e26d91-5a > .kt-inside-inner-col > .aligncenter{width:100%;}.kadence-column234_e26d91-5a > .kt-inside-inner-col:before{opacity:0.3;}.kadence-column234_e26d91-5a{position:relative;}@media all and (max-width: 1024px){.kadence-column234_e26d91-5a > .kt-inside-inner-col{flex-direction:column;justify-content:center;}}@media all and (max-width: 767px){.kadence-column234_e26d91-5a > .kt-inside-inner-col{flex-direction:column;justify-content:center;}}<\/style>\n<div class=\"wp-block-kadence-column kadence-column234_e26d91-5a\"><div class=\"kt-inside-inner-col\">\n<h2 class=\"wp-block-heading\">Ethische KI: Engagement f\u00fcr europ\u00e4ische Werte<\/h2>\n\n\n\n<p>Das Bekenntnis zu ethischer KI und die Orientierung an europ\u00e4ischen Werten und Standards bilden eine gemeinsame Basis f\u00fcr die wissenschaftliche Arbeit an unserem Institut. Die dauerhafte Finanzierung des Lamarr-Instituts ist somit ein weiterer wichtiger Schritt hin zu einer europ\u00e4ischen KI, die vertrauensw\u00fcrdig ist, verantwortungsvoll eingesetzt wird und die technologische Souver\u00e4nit\u00e4t der europ\u00e4ischen Wirtschaft sichert.<\/p>\n\n\n\n<p>Das Lamarr-Institut setzt sich aus wegweisenden Forschungseinrichtungen in Deutschland zusammen: der TU Dortmund, der Rheinischen Friedrich-Wilhelms-Universit\u00e4t Bonn und den Fraunhofer-Instituten f\u00fcr Intelligente Analyse- und Informationssysteme IAIS in Sankt Augustin und f\u00fcr Materialfluss und Logistik IML in Dortmund.<\/p>\n\n\n\n<h2 class=\"wp-block-heading\"><br><\/h2>\n<\/div><\/div>\n\n\n<style>.kadence-column234_1b032c-46 > .kt-inside-inner-col,.kadence-column234_1b032c-46 > .kt-inside-inner-col:before{border-top-left-radius:0px;border-top-right-radius:0px;border-bottom-right-radius:0px;border-bottom-left-radius:0px;}.kadence-column234_1b032c-46 > .kt-inside-inner-col{column-gap:var(--global-kb-gap-sm, 1rem);}.kadence-column234_1b032c-46 > .kt-inside-inner-col{flex-direction:column;}.kadence-column234_1b032c-46 > .kt-inside-inner-col > .aligncenter{width:100%;}.kadence-column234_1b032c-46 > .kt-inside-inner-col:before{opacity:0.3;}.kadence-column234_1b032c-46{position:relative;}@media all and (max-width: 1024px){.kadence-column234_1b032c-46 > .kt-inside-inner-col{flex-direction:column;justify-content:center;}}@media all and (max-width: 767px){.kadence-column234_1b032c-46 > .kt-inside-inner-col{flex-direction:column;justify-content:center;}}<\/style>\n<div class=\"wp-block-kadence-column kadence-column234_1b032c-46\"><div class=\"kt-inside-inner-col\">\n<figure class=\"wp-block-image size-large\"><img loading=\"lazy\" decoding=\"async\" width=\"880\" height=\"1024\" src=\"https:\/\/lamarr-institute.org\/wp-content\/uploads\/\/lamarr-education-02-880x1024.jpg\" alt=\"- Lamarr Institute for Machine Learning (ML) and Artificial Intelligence (AI)\" class=\"wp-image-10846\" title=\"\" srcset=\"https:\/\/lamarr-institute.org\/wp-content\/uploads\/lamarr-education-02-880x1024.jpg 880w, https:\/\/lamarr-institute.org\/wp-content\/uploads\/lamarr-education-02-258x300.jpg 258w, https:\/\/lamarr-institute.org\/wp-content\/uploads\/lamarr-education-02-768x893.jpg 768w, https:\/\/lamarr-institute.org\/wp-content\/uploads\/lamarr-education-02.jpg 1000w\" sizes=\"auto, (max-width: 880px) 100vw, 880px\" \/><figcaption class=\"wp-element-caption\">\u00a9 Lukas Barth-Tuttas \u2013 Fraunhofer IAIS<\/figcaption><\/figure>\n<\/div><\/div>\n\n<\/div><\/div>\n\n<style>.kb-row-layout-id234_0b35f4-78 > .kt-row-column-wrap{align-content:start;}:where(.kb-row-layout-id234_0b35f4-78 > .kt-row-column-wrap) > .wp-block-kadence-column{justify-content:start;}.kb-row-layout-id234_0b35f4-78 > .kt-row-column-wrap{column-gap:var(--global-kb-gap-md, 2rem);row-gap:var(--global-kb-gap-md, 2rem);padding-top:var(--global-kb-spacing-sm, 1.5rem);padding-bottom:var(--global-kb-spacing-sm, 1.5rem);grid-template-columns:minmax(0, 1fr);}.kb-row-layout-id234_0b35f4-78 > .kt-row-layout-overlay{opacity:0.30;}@media all and (max-width: 1024px){.kb-row-layout-id234_0b35f4-78 > .kt-row-column-wrap{grid-template-columns:minmax(0, 1fr);}}@media all and (max-width: 767px){.kb-row-layout-id234_0b35f4-78 > .kt-row-column-wrap{grid-template-columns:minmax(0, 1fr);}}<\/style><div class=\"kb-row-layout-wrap kb-row-layout-id234_0b35f4-78 alignnone wp-block-kadence-rowlayout\"><div class=\"kt-row-column-wrap kt-has-1-columns kt-row-layout-equal kt-tab-layout-inherit kt-mobile-layout-row kt-row-valign-top\">\n<style>.kadence-column234_faf554-78 > .kt-inside-inner-col,.kadence-column234_faf554-78 > .kt-inside-inner-col:before{border-top-left-radius:0px;border-top-right-radius:0px;border-bottom-right-radius:0px;border-bottom-left-radius:0px;}.kadence-column234_faf554-78 > .kt-inside-inner-col{column-gap:var(--global-kb-gap-sm, 1rem);}.kadence-column234_faf554-78 > .kt-inside-inner-col{flex-direction:column;}.kadence-column234_faf554-78 > .kt-inside-inner-col > .aligncenter{width:100%;}.kadence-column234_faf554-78 > .kt-inside-inner-col:before{opacity:0.3;}.kadence-column234_faf554-78{position:relative;}@media all and (max-width: 1024px){.kadence-column234_faf554-78 > .kt-inside-inner-col{flex-direction:column;justify-content:center;}}@media all and (max-width: 767px){.kadence-column234_faf554-78 > .kt-inside-inner-col{flex-direction:column;justify-content:center;}}<\/style>\n<div class=\"wp-block-kadence-column kadence-column234_faf554-78\"><div class=\"kt-inside-inner-col\"><\/div><\/div>\n\n<\/div><\/div>","protected":false},"excerpt":{"rendered":"<p>Das Lamarr-Institut f\u00fcr Maschinelles Lernen und K\u00fcnstliche Intelligenz Das Lamarr-Institut konzentriert sich auf die Erforschung und Entwicklung leistungsstarker, vertrauensw\u00fcrdiger und ressourceneffizienter Anwendungen des Maschinellen Lernens (ML) und der K\u00fcnstlichen Intelligenz (KI). Unser Ziel ist es, international wettbewerbsf\u00e4hige Forschung zu etablieren, die Deutschland und Europa als f\u00fchrenden Standort f\u00fcr Forschung, Lehre und Technologietransfer in der KI nachhaltig st\u00e4rkt. Nach erfolgreicher Evaluierung durch ein internationales Fachgremium ist das Lamarr-Institut aus dem Kompetenzzentrum [&hellip;]<\/p>\n","protected":false},"author":9,"featured_media":0,"parent":0,"menu_order":-3,"comment_status":"closed","ping_status":"closed","template":"","meta":{"_acf_changed":false,"footnotes":""},"class_list":["post-234","page","type-page","status-publish","hentry"],"acf":[],"publishpress_future_workflow_manual_trigger":{"enabledWorkflows":[]},"_links":{"self":[{"href":"https:\/\/lamarr-institute.org\/de\/wp-json\/wp\/v2\/pages\/234","targetHints":{"allow":["GET"]}}],"collection":[{"href":"https:\/\/lamarr-institute.org\/de\/wp-json\/wp\/v2\/pages"}],"about":[{"href":"https:\/\/lamarr-institute.org\/de\/wp-json\/wp\/v2\/types\/page"}],"author":[{"embeddable":true,"href":"https:\/\/lamarr-institute.org\/de\/wp-json\/wp\/v2\/users\/9"}],"replies":[{"embeddable":true,"href":"https:\/\/lamarr-institute.org\/de\/wp-json\/wp\/v2\/comments?post=234"}],"version-history":[{"count":0,"href":"https:\/\/lamarr-institute.org\/de\/wp-json\/wp\/v2\/pages\/234\/revisions"}],"wp:attachment":[{"href":"https:\/\/lamarr-institute.org\/de\/wp-json\/wp\/v2\/media?parent=234"}],"curies":[{"name":"wp","href":"https:\/\/api.w.org\/{rel}","templated":true}]}}