{"id":221,"date":"2024-02-21T10:11:44","date_gmt":"2024-02-21T10:11:44","guid":{"rendered":"https:\/\/lamarr-institute.org\/?page_id=221"},"modified":"2024-04-10T12:56:34","modified_gmt":"2024-04-10T12:56:34","slug":"news","status":"publish","type":"page","link":"https:\/\/lamarr-institute.org\/de\/aktuelles\/news\/","title":{"rendered":"News"},"content":{"rendered":"\n<h1 class=\"wp-block-heading\">News aus dem Lamarr-Institut<\/h1>\n\n\n<div class=\"overview-news\">\n\n<div class=\"alm-filters alm-filters-container filters-default\" id=\"alm-filters-newsoverviewfilter_de\" data-target=\"newsoverview\" data-style=\"change\" data-id=\"newsoverviewfilter_de\" ><div class=\"alm-filter alm-filter--group alm-filter--category\" id=\"alm-filter-1\" data-key=\"category\" data-fieldtype=\"radio\" data-selected-value=\"\" data-default-value=\"\" role=\"radiogroup\" aria-labelledby=\"alm-filter-category-title\"><div class=\"alm-filter--inner\"><ul><li class=\"alm-filter--radio field-parent field-0\"><div class=\"alm-filter--link field-radio field- active\"\n\t\t\t\t\tid=\"radio--1\"\n\t\t\t\t\tdata-type=\"radio\"\n\t\t\t\t\tdata-value=\"\"\n\t\t\t\t\trole=\"radio\"\n\t\t\t\t\ttabindex=\"0\"\n\t\t\t\t\taria-checked=\"true\">Alle<\/div><\/li><li class=\"alm-filter--radio field-parent field-1\"><div class=\"alm-filter--link field-radio field-pressemitteilungen\"\n\t\t\t\t\tid=\"radio-pressemitteilungen-1\"\n\t\t\t\t\tdata-type=\"radio\"\n\t\t\t\t\tdata-value=\"pressemitteilungen\"\n\t\t\t\t\trole=\"radio\"\n\t\t\t\t\ttabindex=\"0\"\n\t\t\t\t\taria-checked=\"false\">Pressemitteilungen<\/div><\/li><li class=\"alm-filter--radio field-parent field-2\"><div class=\"alm-filter--link field-radio field-highlights-de\"\n\t\t\t\t\tid=\"radio-highlights-de-1\"\n\t\t\t\t\tdata-type=\"radio\"\n\t\t\t\t\tdata-value=\"highlights-de\"\n\t\t\t\t\trole=\"radio\"\n\t\t\t\t\ttabindex=\"0\"\n\t\t\t\t\taria-checked=\"false\">Highlights<\/div><\/li><li class=\"alm-filter--radio field-parent field-3\"><div class=\"alm-filter--link field-radio field-wissenschaft\"\n\t\t\t\t\tid=\"radio-wissenschaft-1\"\n\t\t\t\t\tdata-type=\"radio\"\n\t\t\t\t\tdata-value=\"wissenschaft\"\n\t\t\t\t\trole=\"radio\"\n\t\t\t\t\ttabindex=\"0\"\n\t\t\t\t\taria-checked=\"false\">Wissenschaft<\/div><\/li><li class=\"alm-filter--radio field-parent field-4\"><div class=\"alm-filter--link field-radio field-wirtschaft\"\n\t\t\t\t\tid=\"radio-wirtschaft-1\"\n\t\t\t\t\tdata-type=\"radio\"\n\t\t\t\t\tdata-value=\"wirtschaft\"\n\t\t\t\t\trole=\"radio\"\n\t\t\t\t\ttabindex=\"0\"\n\t\t\t\t\taria-checked=\"false\">Wirtschaft<\/div><\/li><li class=\"alm-filter--radio field-parent field-5\"><div class=\"alm-filter--link field-radio field-bildung\"\n\t\t\t\t\tid=\"radio-bildung-1\"\n\t\t\t\t\tdata-type=\"radio\"\n\t\t\t\t\tdata-value=\"bildung\"\n\t\t\t\t\trole=\"radio\"\n\t\t\t\t\ttabindex=\"0\"\n\t\t\t\t\taria-checked=\"false\">Bildung<\/div><\/li><li class=\"alm-filter--radio field-parent field-6\"><div class=\"alm-filter--link field-radio field-politik-gesellschaft\"\n\t\t\t\t\tid=\"radio-politik-gesellschaft-1\"\n\t\t\t\t\tdata-type=\"radio\"\n\t\t\t\t\tdata-value=\"politik-gesellschaft\"\n\t\t\t\t\trole=\"radio\"\n\t\t\t\t\ttabindex=\"0\"\n\t\t\t\t\taria-checked=\"false\">Politik &amp; Gesellschaft<\/div><\/li><\/ul><\/div><\/div><div class=\"alm-filters--loading\"><\/div><\/div><div id=\"ajax-load-more\" class=\"ajax-load-more-wrap blue\" data-id=\"newsoverview\" data-alm-id=\"\" data-canonical-url=\"https:\/\/lamarr-institute.org\/de\/aktuelles\/news\/\" data-slug=\"news\" data-post-id=\"221\"  data-localized=\"ajax_load_more_newsoverview_vars\" data-alm-object=\"ajax_load_more_newsoverview\"><div aria-live=\"polite\" aria-atomic=\"true\" class=\"alm-listing alm-ajax css-grid\" data-filters=\"true\" data-filters-target=\"newsoverviewfilter_de\" data-filters-url=\"true\" data-filters-paging=\"false\" data-filters-scroll=\"false\" data-filters-scrolltop=\"30\" data-preloaded=\"true\" data-preloaded-amount=\"6\" data-container-type=\"div\" data-loading-style=\"blue\" data-theme-repeater=\"alm-news-overview.php\" data-post-type=\"post\" data-order=\"DESC\" data-orderby=\"date\" data-offset=\"0\" data-posts-per-page=\"6\" data-lang=\"de\" data-pause=\"true\" data-button-label=\"Mehr laden\" data-button-done-label=\"Keine weiteren News\" data-prev-button-label=\"Load Previous\"><div class=\"new-single-card post\">\n\t<a href=\"https:\/\/lamarr-institute.org\/de\/news\/marvin-pokal-river-mamba\/\">\n\t\t<div class=\"teaserheader\">\n\t\t\t<img loading=\"lazy\" decoding=\"async\" width=\"1000\" height=\"667\" src=\"https:\/\/lamarr-institute.org\/wp-content\/uploads\/MARVIN-Pokal_Team-Gall.jpg\" class=\"attachment-post-thumbnail size-post-thumbnail wp-post-image\" alt=\"Two photos: on the left, researchers from the University of Bonn pose with the MARVIN award trophy on a staircase; on the right, a group of researchers cuts a MARVIN-themed anniversary cake.\" srcset=\"https:\/\/lamarr-institute.org\/wp-content\/uploads\/MARVIN-Pokal_Team-Gall.jpg 1000w, https:\/\/lamarr-institute.org\/wp-content\/uploads\/MARVIN-Pokal_Team-Gall-300x200.jpg 300w, https:\/\/lamarr-institute.org\/wp-content\/uploads\/MARVIN-Pokal_Team-Gall-768x512.jpg 768w\" sizes=\"auto, (max-width: 1000px) 100vw, 1000px\" title=\"\">\t\t<\/div>\n\t\t\n\t\t<div class=\"teasercontent\">\n \t\t\t<div class=\"date\">27. M\u00e4rz 2026<\/div>\n\t\t\t<h3>MARVIN-Pokal f\u00fcr Prof. Dr. J\u00fcrgen Gall und seine Arbeitsgruppe<\/h3>\n\t\t\t<p class=\"excerpt\">Prof. Dr. J\u00fcrgen Galls Arbeitsgruppe erh\u00e4lt den MARVIN-Pokal f\u00fcr RiverMamba, ein Projekt zur Entwicklung ressourceneffizienter KI-Modelle f\u00fcr komplexe Zeitreihen. Die Auszeichnung unterstreicht&#8230;<\/p>\n\t\t<\/div>\n\t<\/a>\n  <div class=\"readmore-arrow\"><\/div>\n<\/div><div class=\"new-single-card post\">\n\t<a href=\"https:\/\/lamarr-institute.org\/de\/news\/wallmark-preis\/\">\n\t\t<div class=\"teaserheader\">\n\t\t\t<img loading=\"lazy\" decoding=\"async\" width=\"1000\" height=\"667\" src=\"https:\/\/lamarr-institute.org\/wp-content\/uploads\/Christian-Glaser_Copyright-BeranKosan.jpg\" class=\"attachment-post-thumbnail size-post-thumbnail wp-post-image\" alt=\"Prof. Dr. Christian Glaser, Astroparticle physicist and Lamarr Institute PI, awarded the Wallmark Prize 2026\" srcset=\"https:\/\/lamarr-institute.org\/wp-content\/uploads\/Christian-Glaser_Copyright-BeranKosan.jpg 1000w, https:\/\/lamarr-institute.org\/wp-content\/uploads\/Christian-Glaser_Copyright-BeranKosan-300x200.jpg 300w, https:\/\/lamarr-institute.org\/wp-content\/uploads\/Christian-Glaser_Copyright-BeranKosan-768x512.jpg 768w\" sizes=\"auto, (max-width: 1000px) 100vw, 1000px\" title=\"\">\t\t<\/div>\n\t\t\n\t\t<div class=\"teasercontent\">\n \t\t\t<div class=\"date\">26. M\u00e4rz 2026<\/div>\n\t\t\t<h3>Christian Glaser mit Wallmark-Preis ausgezeichnet<\/h3>\n\t\t\t<p class=\"excerpt\">Christian Glaser erh\u00e4lt den Wallmark-Preis 2026 f\u00fcr seine Forschung an der Schnittstelle von Astroteilchenphysik und K\u00fcnstlicher Intelligenz. Seine Arbeiten zeigen, wie KI als methodischer&#8230;<\/p>\n\t\t<\/div>\n\t<\/a>\n  <div class=\"readmore-arrow\"><\/div>\n<\/div><div class=\"new-single-card post\">\n\t<a href=\"https:\/\/lamarr-institute.org\/de\/news\/ki-in-der-industrie\/\">\n\t\t<div class=\"teaserheader\">\n\t\t\t<img loading=\"lazy\" decoding=\"async\" width=\"1000\" height=\"667\" src=\"https:\/\/lamarr-institute.org\/wp-content\/uploads\/PlusMinus_KI-in-der-Industrie_Katharina-Morik.png\" class=\"attachment-post-thumbnail size-post-thumbnail wp-post-image\" alt=\"Prof. Dr. Katharina Morik spricht in einem Interview im Robotics Lab der Informatik der Universit\u00e4t Bonn und gestikuliert mit den H\u00e4nden.\" srcset=\"https:\/\/lamarr-institute.org\/wp-content\/uploads\/PlusMinus_KI-in-der-Industrie_Katharina-Morik.png 1000w, https:\/\/lamarr-institute.org\/wp-content\/uploads\/PlusMinus_KI-in-der-Industrie_Katharina-Morik-300x200.png 300w, https:\/\/lamarr-institute.org\/wp-content\/uploads\/PlusMinus_KI-in-der-Industrie_Katharina-Morik-768x512.png 768w\" sizes=\"auto, (max-width: 1000px) 100vw, 1000px\" title=\"\">\t\t<\/div>\n\t\t\n\t\t<div class=\"teasercontent\">\n \t\t\t<div class=\"date\">19. M\u00e4rz 2026<\/div>\n\t\t\t<h3>KI in der Industrie: Integration entscheidet \u00fcber Wertsch\u00f6pfung<\/h3>\n\t\t\t<p class=\"excerpt\">Der ARD PlusMinus Beitrag zu KI in der Industrie zeigt: Wertsch\u00f6pfung und Wettbewerbsf\u00e4higkeit h\u00e4ngen entscheidend davon ab, wie konsequent KI in industrielle Prozesse integriert&#8230;<\/p>\n\t\t<\/div>\n\t<\/a>\n  <div class=\"readmore-arrow\"><\/div>\n<\/div><div class=\"new-single-card post\">\n\t<a href=\"https:\/\/lamarr-institute.org\/de\/news\/ki-werkstatt\/\">\n\t\t<div class=\"teaserheader\">\n\t\t\t<img loading=\"lazy\" decoding=\"async\" width=\"1200\" height=\"630\" src=\"https:\/\/lamarr-institute.org\/wp-content\/uploads\/KI-Werkstatt_TU-Dortmund.jpg\" class=\"attachment-post-thumbnail size-post-thumbnail wp-post-image\" alt=\"Photo: Participants listening to presentations at the AI Workshop 2026 in a lecture hall\" srcset=\"https:\/\/lamarr-institute.org\/wp-content\/uploads\/KI-Werkstatt_TU-Dortmund.jpg 1200w, https:\/\/lamarr-institute.org\/wp-content\/uploads\/KI-Werkstatt_TU-Dortmund-300x158.jpg 300w, https:\/\/lamarr-institute.org\/wp-content\/uploads\/KI-Werkstatt_TU-Dortmund-1024x538.jpg 1024w, https:\/\/lamarr-institute.org\/wp-content\/uploads\/KI-Werkstatt_TU-Dortmund-768x403.jpg 768w\" sizes=\"auto, (max-width: 1200px) 100vw, 1200px\" title=\"\">\t\t<\/div>\n\t\t\n\t\t<div class=\"teasercontent\">\n \t\t\t<div class=\"date\">17. M\u00e4rz 2026<\/div>\n\t\t\t<h3>Wie KI zunehmend Teil von Arbeitsprozessen wird<\/h3>\n\t\t\t<p class=\"excerpt\">Die KI-Werkstatt 2026 in Dortmund zeigt, wie KI in Arbeitsprozesse integriert werden kann. Forschung und Praxis diskutieren menschengerechte, sichere und anwendungsnahe L\u00f6sungen f\u00fcr die&#8230;<\/p>\n\t\t<\/div>\n\t<\/a>\n  <div class=\"readmore-arrow\"><\/div>\n<\/div><div class=\"new-single-card post\">\n\t<a href=\"https:\/\/lamarr-institute.org\/de\/news\/bonner-haushaltsroboter-verteidigen-robocup-meistertitel\/\">\n\t\t<div class=\"teaserheader\">\n\t\t\t<img loading=\"lazy\" decoding=\"async\" width=\"1826\" height=\"1080\" src=\"https:\/\/lamarr-institute.org\/wp-content\/uploads\/RoboticConferenceGermany.webp\" class=\"attachment-post-thumbnail size-post-thumbnail wp-post-image\" alt=\"NimbRo team from the University of Bonn with Prof. Dr. Sven Behnke after winning the RoboCup German Open\" srcset=\"https:\/\/lamarr-institute.org\/wp-content\/uploads\/RoboticConferenceGermany.webp 1826w, https:\/\/lamarr-institute.org\/wp-content\/uploads\/RoboticConferenceGermany-300x177.webp 300w, https:\/\/lamarr-institute.org\/wp-content\/uploads\/RoboticConferenceGermany-1024x606.webp 1024w, https:\/\/lamarr-institute.org\/wp-content\/uploads\/RoboticConferenceGermany-768x454.webp 768w, https:\/\/lamarr-institute.org\/wp-content\/uploads\/RoboticConferenceGermany-1536x908.webp 1536w\" sizes=\"auto, (max-width: 1826px) 100vw, 1826px\" title=\"\">\t\t<\/div>\n\t\t\n\t\t<div class=\"teasercontent\">\n \t\t\t<div class=\"date\">13. M\u00e4rz 2026<\/div>\n\t\t\t<h3>Bonner Haushaltsroboter verteidigen RoboCup Meistertitel<\/h3>\n\t\t\t<p class=\"excerpt\">Die Haushaltsroboter des Bonner Teams NimbRo verteidigen ihren Titel beim RoboCup souver\u00e4n. Auf der German Robotics Conference zeigen Lamarr-Forschende, wie KI und Robotik zusammenwachsen und neue&#8230;<\/p>\n\t\t<\/div>\n\t<\/a>\n  <div class=\"readmore-arrow\"><\/div>\n<\/div><div class=\"new-single-card post\">\n\t<a href=\"https:\/\/lamarr-institute.org\/de\/news\/exponat-ms-wissenschaft\/\">\n\t\t<div class=\"teaserheader\">\n\t\t\t<img loading=\"lazy\" decoding=\"async\" width=\"1536\" height=\"1024\" src=\"https:\/\/lamarr-institute.org\/wp-content\/uploads\/Digital-Twin_MS-Wissenschaft.png\" class=\"attachment-post-thumbnail size-post-thumbnail wp-post-image\" alt=\"Abstract visualization of a digital twin with medical data and analytics representing AI-supported treatment decisions in the \u201cDigital Twin Medicine\u201d exhibit on the MS Wissenschaft.\" srcset=\"https:\/\/lamarr-institute.org\/wp-content\/uploads\/Digital-Twin_MS-Wissenschaft.png 1536w, https:\/\/lamarr-institute.org\/wp-content\/uploads\/Digital-Twin_MS-Wissenschaft-300x200.png 300w, https:\/\/lamarr-institute.org\/wp-content\/uploads\/Digital-Twin_MS-Wissenschaft-1024x683.png 1024w, https:\/\/lamarr-institute.org\/wp-content\/uploads\/Digital-Twin_MS-Wissenschaft-768x512.png 768w\" sizes=\"auto, (max-width: 1536px) 100vw, 1536px\" title=\"\">\t\t<\/div>\n\t\t\n\t\t<div class=\"teasercontent\">\n \t\t\t<div class=\"date\">12. M\u00e4rz 2026<\/div>\n\t\t\t<h3>Lamarr-Exponat auf der MS Wissenschaft<\/h3>\n\t\t\t<p class=\"excerpt\">Auf der MS Wissenschaft zeigt ein Lamarr-Exponat, wie K\u00fcnstliche Intelligenz und Digital Twins kausale Zusammenh\u00e4nge in medizinischen Daten erkennen und damit personalisierte Medizin und bessere&#8230;<\/p>\n\t\t<\/div>\n\t<\/a>\n  <div class=\"readmore-arrow\"><\/div>\n<\/div><\/div><noscript><div class=\"alm-paging\">Pages: <span class=\"page\"><a href=\"?pg=1\">1<\/a><\/span><span class=\"page\"><a href=\"?pg=2\">2<\/a><\/span><span class=\"page\"><a href=\"?pg=3\">3<\/a><\/span><span class=\"page\"><a href=\"?pg=4\">4<\/a><\/span><span class=\"page\"><a href=\"?pg=5\">5<\/a><\/span><span class=\"page\"><a href=\"?pg=6\">6<\/a><\/span><span class=\"page\"><a href=\"?pg=7\">7<\/a><\/span><span class=\"page\"><a href=\"?pg=8\">8<\/a><\/span><span class=\"page\"><a href=\"?pg=9\">9<\/a><\/span><span class=\"page\"><a href=\"?pg=10\">10<\/a><\/span><span class=\"page\"><a href=\"?pg=11\">11<\/a><\/span><span class=\"page\"><a href=\"?pg=12\">12<\/a><\/span><span class=\"page\"><a href=\"?pg=13\">13<\/a><\/span><span class=\"page\"><a href=\"?pg=14\">14<\/a><\/span><span class=\"page\"><a href=\"?pg=15\">15<\/a><\/span><span class=\"page\"><a href=\"?pg=16\">16<\/a><\/span><span class=\"page\"><a href=\"?pg=17\">17<\/a><\/span><span class=\"page\"><a href=\"?pg=18\">18<\/a><\/span><\/div><\/noscript><div class=\"alm-btn-wrap\" data-rel=\"ajax-load-more\"><button class=\"alm-load-more-btn \" type=\"button\">Mehr laden<\/button><\/div><\/div>\n<\/div>","protected":false},"excerpt":{"rendered":"<p>News aus dem Lamarr-Institut<\/p>\n","protected":false},"author":9,"featured_media":0,"parent":216,"menu_order":0,"comment_status":"closed","ping_status":"closed","template":"","meta":{"_acf_changed":false,"footnotes":""},"class_list":["post-221","page","type-page","status-publish","hentry"],"acf":[],"publishpress_future_workflow_manual_trigger":{"enabledWorkflows":[]},"_links":{"self":[{"href":"https:\/\/lamarr-institute.org\/de\/wp-json\/wp\/v2\/pages\/221","targetHints":{"allow":["GET"]}}],"collection":[{"href":"https:\/\/lamarr-institute.org\/de\/wp-json\/wp\/v2\/pages"}],"about":[{"href":"https:\/\/lamarr-institute.org\/de\/wp-json\/wp\/v2\/types\/page"}],"author":[{"embeddable":true,"href":"https:\/\/lamarr-institute.org\/de\/wp-json\/wp\/v2\/users\/9"}],"replies":[{"embeddable":true,"href":"https:\/\/lamarr-institute.org\/de\/wp-json\/wp\/v2\/comments?post=221"}],"version-history":[{"count":0,"href":"https:\/\/lamarr-institute.org\/de\/wp-json\/wp\/v2\/pages\/221\/revisions"}],"up":[{"embeddable":true,"href":"https:\/\/lamarr-institute.org\/de\/wp-json\/wp\/v2\/pages\/216"}],"wp:attachment":[{"href":"https:\/\/lamarr-institute.org\/de\/wp-json\/wp\/v2\/media?parent=221"}],"curies":[{"name":"wp","href":"https:\/\/api.w.org\/{rel}","templated":true}]}}