{"id":214,"date":"2024-02-21T10:12:49","date_gmt":"2024-02-21T10:12:49","guid":{"rendered":"https:\/\/lamarr-institute.org\/?page_id=214"},"modified":"2025-04-28T07:21:56","modified_gmt":"2025-04-28T07:21:56","slug":"kontakt","status":"publish","type":"page","link":"https:\/\/lamarr-institute.org\/de\/kontakt\/","title":{"rendered":"Kontakt\u00a0"},"content":{"rendered":"\n<h1 class=\"wp-block-heading\">Nehmen Sie Kontakt mit uns auf!<\/h1>\n\n\n\n<p>Bitte senden Sie uns eine Nachricht, wenn Sie mit dem Lamarr-Institut zusammenarbeiten m\u00f6chten oder Fragen haben. Sie k\u00f6nnen uns \u00fcber das unten stehende Formular erreichen. <\/p>\n\n\n\n<p>Wir freuen uns darauf, von Ihnen zu h\u00f6ren!<\/p>\n\n\n<script type=\"text\/javascript\">\n\/* <![CDATA[ *\/\nvar gform;gform||(document.addEventListener(\"gform_main_scripts_loaded\",function(){gform.scriptsLoaded=!0}),document.addEventListener(\"gform\/theme\/scripts_loaded\",function(){gform.themeScriptsLoaded=!0}),window.addEventListener(\"DOMContentLoaded\",function(){gform.domLoaded=!0}),gform={domLoaded:!1,scriptsLoaded:!1,themeScriptsLoaded:!1,isFormEditor:()=>\"function\"==typeof InitializeEditor,callIfLoaded:function(o){return!(!gform.domLoaded||!gform.scriptsLoaded||!gform.themeScriptsLoaded&&!gform.isFormEditor()||(gform.isFormEditor()&&console.warn(\"The use of gform.initializeOnLoaded() is deprecated in the form editor context and will be removed in Gravity Forms 3.1.\"),o(),0))},initializeOnLoaded:function(o){gform.callIfLoaded(o)||(document.addEventListener(\"gform_main_scripts_loaded\",()=>{gform.scriptsLoaded=!0,gform.callIfLoaded(o)}),document.addEventListener(\"gform\/theme\/scripts_loaded\",()=>{gform.themeScriptsLoaded=!0,gform.callIfLoaded(o)}),window.addEventListener(\"DOMContentLoaded\",()=>{gform.domLoaded=!0,gform.callIfLoaded(o)}))},hooks:{action:{},filter:{}},addAction:function(o,r,e,t){gform.addHook(\"action\",o,r,e,t)},addFilter:function(o,r,e,t){gform.addHook(\"filter\",o,r,e,t)},doAction:function(o){gform.doHook(\"action\",o,arguments)},applyFilters:function(o){return gform.doHook(\"filter\",o,arguments)},removeAction:function(o,r){gform.removeHook(\"action\",o,r)},removeFilter:function(o,r,e){gform.removeHook(\"filter\",o,r,e)},addHook:function(o,r,e,t,n){null==gform.hooks[o][r]&&(gform.hooks[o][r]=[]);var d=gform.hooks[o][r];null==n&&(n=r+\"_\"+d.length),gform.hooks[o][r].push({tag:n,callable:e,priority:t=null==t?10:t})},doHook:function(r,o,e){var t;if(e=Array.prototype.slice.call(e,1),null!=gform.hooks[r][o]&&((o=gform.hooks[r][o]).sort(function(o,r){return o.priority-r.priority}),o.forEach(function(o){\"function\"!=typeof(t=o.callable)&&(t=window[t]),\"action\"==r?t.apply(null,e):e[0]=t.apply(null,e)})),\"filter\"==r)return e[0]},removeHook:function(o,r,t,n){var e;null!=gform.hooks[o][r]&&(e=(e=gform.hooks[o][r]).filter(function(o,r,e){return!!(null!=n&&n!=o.tag||null!=t&&t!=o.priority)}),gform.hooks[o][r]=e)}});\n\/* ]]> *\/\n<\/script>\n\n                <div class='gf_browser_gecko gform_wrapper gravity-theme gform-theme--no-framework' data-form-theme='gravity-theme' data-form-index='0' id='gform_wrapper_4' style='display:none'><form method='post' enctype='multipart\/form-data'  id='gform_4'  action='\/de\/wp-json\/wp\/v2\/pages\/214' data-formid='4' novalidate>\n                        <div class='gform-body gform_body'><div id='gform_fields_4' class='gform_fields top_label form_sublabel_below description_below validation_below'><div id=\"field_4_17\" class=\"gfield gfield--type-honeypot gform_validation_container field_sublabel_below gfield--has-description field_description_below field_validation_below gfield_visibility_visible\"  ><label class='gfield_label gform-field-label' for='input_4_17'>Name<\/label><div class='ginput_container'><input name='input_17' id='input_4_17' type='text' value='' autocomplete='new-password'\/><\/div><div class='gfield_description' id='gfield_description_4_17'>Dieses Feld dient zur Validierung und sollte nicht ver\u00e4ndert werden.<\/div><\/div><fieldset id=\"field_4_12\" class=\"gfield gfield--type-radio gfield--type-choice gfield--input-type-radio gfield--width-full gf_list_inline no_margin_bottom field_sublabel_below gfield--no-description field_description_below field_validation_below gfield_visibility_visible\"  ><legend class='gfield_label gform-field-label' >Anrede<\/legend><div class='ginput_container ginput_container_radio'><div class='gfield_radio' id='input_4_12'>\n\t\t\t<div class='gchoice gchoice_4_12_0'>\n\t\t\t\t\t<input class='gfield-choice-input' name='input_12' type='radio' value='Frau'  id='choice_4_12_0' onchange='gformToggleRadioOther( this )'    \/>\n\t\t\t\t\t<label for='choice_4_12_0' id='label_4_12_0' class='gform-field-label gform-field-label--type-inline'>Frau<\/label>\n\t\t\t<\/div>\n\t\t\t<div class='gchoice gchoice_4_12_1'>\n\t\t\t\t\t<input class='gfield-choice-input' name='input_12' type='radio' value='Herr'  id='choice_4_12_1' onchange='gformToggleRadioOther( this )'    \/>\n\t\t\t\t\t<label for='choice_4_12_1' id='label_4_12_1' class='gform-field-label gform-field-label--type-inline'>Herr<\/label>\n\t\t\t<\/div>\n\t\t\t<div class='gchoice gchoice_4_12_2'>\n\t\t\t\t\t<input class='gfield-choice-input' name='input_12' type='radio' value='Divers'  id='choice_4_12_2' onchange='gformToggleRadioOther( this )'    \/>\n\t\t\t\t\t<label for='choice_4_12_2' id='label_4_12_2' class='gform-field-label gform-field-label--type-inline'>Divers<\/label>\n\t\t\t<\/div><\/div><\/div><\/fieldset><div id=\"field_4_1\" class=\"gfield gfield--type-text gfield--input-type-text gfield--width-half gfield_contains_required field_sublabel_below gfield--no-description field_description_below hidden_label field_validation_below gfield_visibility_visible\"  ><label class='gfield_label gform-field-label' for='input_4_1'>Vorname<span class=\"gfield_required\"><span class=\"gfield_required gfield_required_text\">(erforderlich)<\/span><\/span><\/label><div class='ginput_container ginput_container_text'><input name='input_1' id='input_4_1' type='text' value='' class='large'    placeholder='Vorname*' aria-required=\"true\" aria-invalid=\"false\"   \/><\/div><\/div><div id=\"field_4_3\" class=\"gfield gfield--type-text gfield--input-type-text gfield--width-half gfield_contains_required field_sublabel_below gfield--no-description field_description_below hidden_label field_validation_below gfield_visibility_visible\"  ><label class='gfield_label gform-field-label' for='input_4_3'>Nachname<span class=\"gfield_required\"><span class=\"gfield_required gfield_required_text\">(erforderlich)<\/span><\/span><\/label><div class='ginput_container ginput_container_text'><input name='input_3' id='input_4_3' type='text' value='' class='large'    placeholder='Nachname*' aria-required=\"true\" aria-invalid=\"false\"   \/><\/div><\/div><div id=\"field_4_5\" class=\"gfield gfield--type-email gfield--input-type-email gfield--width-full gfield_contains_required field_sublabel_below gfield--no-description field_description_below hidden_label field_validation_below gfield_visibility_visible\"  ><label class='gfield_label gform-field-label' for='input_4_5'>E-Mail-Adresse<span class=\"gfield_required\"><span class=\"gfield_required gfield_required_text\">(erforderlich)<\/span><\/span><\/label><div class='ginput_container ginput_container_email'>\n                            <input name='input_5' id='input_4_5' type='email' value='' class='large'   placeholder='E-Mail-Adresse*' aria-required=\"true\" aria-invalid=\"false\"  \/>\n                        <\/div><\/div><fieldset id=\"field_4_10\" class=\"gfield gfield--type-radio gfield--type-choice gfield--input-type-radio gfield--width-full gf_list_inline no_margin_bottom gfield_contains_required field_sublabel_below gfield--no-description field_description_below field_validation_below gfield_visibility_visible\"  ><legend class='gfield_label gform-field-label' >Was ist das Thema Ihrer Nachricht?<span class=\"gfield_required\"><span class=\"gfield_required gfield_required_text\">(erforderlich)<\/span><\/span><\/legend><div class='ginput_container ginput_container_radio'><div class='gfield_radio' id='input_4_10'>\n\t\t\t<div class='gchoice gchoice_4_10_0'>\n\t\t\t\t\t<input class='gfield-choice-input' name='input_10' type='radio' value='Forschung'  id='choice_4_10_0' onchange='gformToggleRadioOther( this )'    \/>\n\t\t\t\t\t<label for='choice_4_10_0' id='label_4_10_0' class='gform-field-label gform-field-label--type-inline'>Forschung<\/label>\n\t\t\t<\/div>\n\t\t\t<div class='gchoice gchoice_4_10_1'>\n\t\t\t\t\t<input class='gfield-choice-input' name='input_10' type='radio' value='Bildung'  id='choice_4_10_1' onchange='gformToggleRadioOther( this )'    \/>\n\t\t\t\t\t<label for='choice_4_10_1' id='label_4_10_1' class='gform-field-label gform-field-label--type-inline'>Bildung<\/label>\n\t\t\t<\/div>\n\t\t\t<div class='gchoice gchoice_4_10_2'>\n\t\t\t\t\t<input class='gfield-choice-input' name='input_10' type='radio' value='Transfer-Cooperations'  id='choice_4_10_2' onchange='gformToggleRadioOther( this )'    \/>\n\t\t\t\t\t<label for='choice_4_10_2' id='label_4_10_2' class='gform-field-label gform-field-label--type-inline'>Transfer&nbsp;&amp;&nbsp;Kooperationen<\/label>\n\t\t\t<\/div>\n\t\t\t<div class='gchoice gchoice_4_10_3'>\n\t\t\t\t\t<input class='gfield-choice-input' name='input_10' type='radio' value='Press-Media'  id='choice_4_10_3' onchange='gformToggleRadioOther( this )'    \/>\n\t\t\t\t\t<label for='choice_4_10_3' id='label_4_10_3' class='gform-field-label gform-field-label--type-inline'>Presse&nbsp;&amp;&nbsp;Medien<\/label>\n\t\t\t<\/div>\n\t\t\t<div class='gchoice gchoice_4_10_4'>\n\t\t\t\t\t<input class='gfield-choice-input' name='input_10' type='radio' value='Employment-Career'  id='choice_4_10_4' onchange='gformToggleRadioOther( this )'    \/>\n\t\t\t\t\t<label for='choice_4_10_4' id='label_4_10_4' class='gform-field-label gform-field-label--type-inline'>Jobs&nbsp;&amp;&nbsp;Karriere<\/label>\n\t\t\t<\/div><\/div><\/div><\/fieldset><div id=\"field_4_14\" class=\"gfield gfield--type-text gfield--input-type-text gfield--width-full gfield_contains_required field_sublabel_below gfield--no-description field_description_below hidden_label field_validation_below gfield_visibility_visible\"  ><label class='gfield_label gform-field-label' for='input_4_14'>Betreff*<span class=\"gfield_required\"><span class=\"gfield_required gfield_required_text\">(erforderlich)<\/span><\/span><\/label><div class='ginput_container ginput_container_text'><input name='input_14' id='input_4_14' type='text' value='' class='large'    placeholder='Betreff*' aria-required=\"true\" aria-invalid=\"false\"   \/><\/div><\/div><div id=\"field_4_6\" class=\"gfield gfield--type-textarea gfield--input-type-textarea gfield--width-full gfield_contains_required field_sublabel_below gfield--no-description field_description_below hidden_label field_validation_below gfield_visibility_visible\"  ><label class='gfield_label gform-field-label' for='input_4_6'>Ihre Nachricht<span class=\"gfield_required\"><span class=\"gfield_required gfield_required_text\">(erforderlich)<\/span><\/span><\/label><div class='ginput_container ginput_container_textarea'><textarea name='input_6' id='input_4_6' class='textarea small'   maxlength='3000' placeholder='Ihre Nachricht*' aria-required=\"true\" aria-invalid=\"false\"   rows='10' cols='50'><\/textarea><\/div><\/div><fieldset id=\"field_4_7\" class=\"gfield gfield--type-checkbox gfield--type-choice gfield--input-type-checkbox gfield--width-full gfield_contains_required field_sublabel_below gfield--no-description field_description_below hidden_label field_validation_below gfield_visibility_visible\"  ><legend class='gfield_label gform-field-label gfield_label_before_complex' >Datenschutz<span class=\"gfield_required\"><span class=\"gfield_required gfield_required_text\">(erforderlich)<\/span><\/span><\/legend><div class='ginput_container ginput_container_checkbox'><div class='gfield_checkbox ' id='input_4_7'><div class='gchoice gchoice_4_7_1'>\n\t\t\t\t\t\t\t\t<input class='gfield-choice-input' name='input_7.1' type='checkbox'  value='Ich stimme den &lt;a href=&quot;https:\/\/lamarr-institute.org\/de\/datenschutzinformation\/&quot; target=&quot;_blank&quot;&gt;Datenschutzinformationen &lt;\/a&gt; zu*'  id='choice_4_7_1'   \/>\n\t\t\t\t\t\t\t\t<label for='choice_4_7_1' id='label_4_7_1' class='gform-field-label gform-field-label--type-inline'>Ich stimme den <a href=\"https:\/\/lamarr-institute.org\/de\/datenschutzinformation\/\" target=\"_blank\">Datenschutzinformationen <\/a> zu*<\/label>\n\t\t\t\t\t\t\t<\/div><\/div><\/div><\/fieldset><\/div><\/div>\n        <div class='gform-footer gform_footer top_label'> <input type='submit' id='gform_submit_button_4' class='gform_button button' onclick='gform.submission.handleButtonClick(this);' data-submission-type='submit' value='Anfrage absenden'  \/> \n            <input type='hidden' class='gform_hidden' name='gform_submission_method' data-js='gform_submission_method_4' value='postback' \/>\n            <input type='hidden' class='gform_hidden' name='gform_theme' data-js='gform_theme_4' id='gform_theme_4' value='gravity-theme' \/>\n            <input type='hidden' class='gform_hidden' name='gform_style_settings' data-js='gform_style_settings_4' id='gform_style_settings_4' value='{&quot;inputPrimaryColor&quot;:&quot;#204ce5&quot;}' \/>\n            <input type='hidden' class='gform_hidden' name='is_submit_4' value='1' \/>\n            <input type='hidden' class='gform_hidden' name='gform_submit' value='4' \/>\n            \n            <input type='hidden' class='gform_hidden' name='gform_currency' data-currency='EUR' value='2iEqHdGRTgGRIlkMcmj8\/yyUdgPKXhDlmY70IlraWJTmkgMXD8VGoGH+GBsHTdsTWHdBZj5SZ\/68PWHUnrxQ1wb9Vl9vOEtmFl\/k6bdHXn\/jUXA=' \/>\n            <input type='hidden' class='gform_hidden' name='gform_unique_id' value='' \/>\n            <input type='hidden' class='gform_hidden' name='state_4' value='WyJ7XCIxMlwiOltcImM0YWE3MjhmZWZjY2RhN2JjNjRkNTRmZDk3YzU5OTNjXCIsXCI5M2EwMWFiODU3NzRlNjVhN2MzNGE2NzRiNzU3YTEyN1wiLFwiYzI2OTljMjJhMmQ2ZWEwNTBjNDlmN2QzYmVmZGI5NGRcIl0sXCIxMFwiOltcImRiYjVlNGNmOWM1MDU2MDE0NTM2NDY3MjExMWI1MzkwXCIsXCJlMTNhNDI4OWYzZGMwMDk3N2FjNWY1OTMwZDVlZTg0ZFwiLFwiNTY2MDNmNTMxNjZkOGFkYTRlZGE1MWMzZjhlMjJiNDVcIixcImRlYTAwYjI5NDIyZWM4OGQyMWYwZDVmMGIyYWZlYmU1XCIsXCIwNzk1YWRlYTBlZWNhNzk5NTUzM2MyZDQyYWFkZThiZlwiXX0iLCI3OTUzNTNlYTQ0YzgzZThkYThlNTFjODdlYWUyNDVkZSJd' \/>\n            <input type='hidden' autocomplete='off' class='gform_hidden' name='gform_target_page_number_4' id='gform_target_page_number_4' value='0' \/>\n            <input type='hidden' autocomplete='off' class='gform_hidden' name='gform_source_page_number_4' id='gform_source_page_number_4' value='1' \/>\n            <input type='hidden' name='gform_field_values' value='' \/>\n            \n        <\/div>\n                        <input type=\"hidden\" id=\"ct_checkjs_6364d3f0f495b6ab9dcf8d3b5c6e0b01\" name=\"ct_checkjs\" value=\"0\" \/><script >setTimeout(function(){var ct_input_name = \"ct_checkjs_6364d3f0f495b6ab9dcf8d3b5c6e0b01\";if (document.getElementById(ct_input_name) !== null) {var ct_input_value = document.getElementById(ct_input_name).value;document.getElementById(ct_input_name).value = document.getElementById(ct_input_name).value.replace(ct_input_value, '1717467460');}}, 1000);<\/script><input\n                    class=\"apbct_special_field apbct_email_id__gravity_form\"\n                    name=\"apbct__email_id__gravity_form\"\n                    aria-label=\"apbct__label_id__gravity_form\"\n                    type=\"text\" size=\"30\" maxlength=\"200\" autocomplete=\"off\"\n                    value=\"\"\n                \/><\/form>\n                        <\/div><script type=\"text\/javascript\">\n\/* <![CDATA[ *\/\n gform.initializeOnLoaded( function() {gformInitSpinner( 4, 'https:\/\/lamarr-institute.org\/wp-content\/plugins\/gravityforms\/images\/spinner.svg', true );jQuery('#gform_ajax_frame_4').on('load',function(){var contents = jQuery(this).contents().find('*').html();var is_postback = contents.indexOf('GF_AJAX_POSTBACK') >= 0;if(!is_postback){return;}var form_content = jQuery(this).contents().find('#gform_wrapper_4');var is_confirmation = jQuery(this).contents().find('#gform_confirmation_wrapper_4').length > 0;var is_redirect = contents.indexOf('gformRedirect(){') >= 0;var is_form = form_content.length > 0 && ! is_redirect && ! is_confirmation;var mt = parseInt(jQuery('html').css('margin-top'), 10) + parseInt(jQuery('body').css('margin-top'), 10) + 100;if(is_form){form_content.find('form').css('opacity', 0);jQuery('#gform_wrapper_4').html(form_content.html());if(form_content.hasClass('gform_validation_error')){jQuery('#gform_wrapper_4').addClass('gform_validation_error');} else {jQuery('#gform_wrapper_4').removeClass('gform_validation_error');}setTimeout( function() { \/* delay the scroll by 50 milliseconds to fix a bug in chrome *\/  }, 50 );if(window['gformInitDatepicker']) {gformInitDatepicker();}if(window['gformInitPriceFields']) {gformInitPriceFields();}var current_page = jQuery('#gform_source_page_number_4').val();gformInitSpinner( 4, 'https:\/\/lamarr-institute.org\/wp-content\/plugins\/gravityforms\/images\/spinner.svg', true );jQuery(document).trigger('gform_page_loaded', [4, current_page]);window['gf_submitting_4'] = false;}else if(!is_redirect){var confirmation_content = jQuery(this).contents().find('.GF_AJAX_POSTBACK').html();if(!confirmation_content){confirmation_content = contents;}jQuery('#gform_wrapper_4').replaceWith(confirmation_content);jQuery(document).trigger('gform_confirmation_loaded', [4]);window['gf_submitting_4'] = false;wp.a11y.speak(jQuery('#gform_confirmation_message_4').text());}else{jQuery('#gform_4').append(contents);if(window['gformRedirect']) {gformRedirect();}}jQuery(document).trigger(\"gform_pre_post_render\", [{ formId: \"4\", currentPage: \"current_page\", abort: function() { this.preventDefault(); } }]);        if (event && event.defaultPrevented) {                return;        }        const gformWrapperDiv = document.getElementById( \"gform_wrapper_4\" );        if ( gformWrapperDiv ) {            const visibilitySpan = document.createElement( \"span\" );            visibilitySpan.id = \"gform_visibility_test_4\";            gformWrapperDiv.insertAdjacentElement( \"afterend\", visibilitySpan );        }        const visibilityTestDiv = document.getElementById( \"gform_visibility_test_4\" );        let postRenderFired = false;        function triggerPostRender() {            if ( postRenderFired ) {                return;            }            postRenderFired = true;            gform.core.triggerPostRenderEvents( 4, current_page );            if ( visibilityTestDiv ) {                visibilityTestDiv.parentNode.removeChild( visibilityTestDiv );            }        }        function debounce( func, wait, immediate ) {            var timeout;            return function() {                var context = this, args = arguments;                var later = function() {                    timeout = null;                    if ( !immediate ) func.apply( context, args );                };                var callNow = immediate && !timeout;                clearTimeout( timeout );                timeout = setTimeout( later, wait );                if ( callNow ) func.apply( context, args );            };        }        const debouncedTriggerPostRender = debounce( function() {            triggerPostRender();        }, 200 );        if ( visibilityTestDiv && visibilityTestDiv.offsetParent === null ) {            const observer = new MutationObserver( ( mutations ) => {                mutations.forEach( ( mutation ) => {                    if ( mutation.type === 'attributes' && visibilityTestDiv.offsetParent !== null ) {                        debouncedTriggerPostRender();                        observer.disconnect();                    }                });            });            observer.observe( document.body, {                attributes: true,                childList: false,                subtree: true,                attributeFilter: [ 'style', 'class' ],            });        } else {            triggerPostRender();        }    } );} ); \n\/* ]]> *\/\n<\/script>\n","protected":false},"excerpt":{"rendered":"<p>Nehmen Sie Kontakt mit uns auf! Bitte senden Sie uns eine Nachricht, wenn Sie mit dem Lamarr-Institut zusammenarbeiten m\u00f6chten oder Fragen haben. Sie k\u00f6nnen uns \u00fcber das unten stehende Formular erreichen. Wir freuen uns darauf, von Ihnen zu h\u00f6ren!<\/p>\n","protected":false},"author":9,"featured_media":0,"parent":0,"menu_order":0,"comment_status":"closed","ping_status":"closed","template":"","meta":{"_acf_changed":false,"footnotes":""},"class_list":["post-214","page","type-page","status-publish","hentry"],"acf":[],"publishpress_future_workflow_manual_trigger":{"enabledWorkflows":[]},"_links":{"self":[{"href":"https:\/\/lamarr-institute.org\/de\/wp-json\/wp\/v2\/pages\/214","targetHints":{"allow":["GET"]}}],"collection":[{"href":"https:\/\/lamarr-institute.org\/de\/wp-json\/wp\/v2\/pages"}],"about":[{"href":"https:\/\/lamarr-institute.org\/de\/wp-json\/wp\/v2\/types\/page"}],"author":[{"embeddable":true,"href":"https:\/\/lamarr-institute.org\/de\/wp-json\/wp\/v2\/users\/9"}],"replies":[{"embeddable":true,"href":"https:\/\/lamarr-institute.org\/de\/wp-json\/wp\/v2\/comments?post=214"}],"version-history":[{"count":0,"href":"https:\/\/lamarr-institute.org\/de\/wp-json\/wp\/v2\/pages\/214\/revisions"}],"wp:attachment":[{"href":"https:\/\/lamarr-institute.org\/de\/wp-json\/wp\/v2\/media?parent=214"}],"curies":[{"name":"wp","href":"https:\/\/api.w.org\/{rel}","templated":true}]}}